{"id":10,"date":"2026-04-07T17:19:21","date_gmt":"2026-04-07T10:19:21","guid":{"rendered":"https:\/\/inquatangtv.com\/?page_id=10"},"modified":"2026-04-07T17:19:21","modified_gmt":"2026-04-07T10:19:21","slug":"trang-chu","status":"publish","type":"page","link":"https:\/\/inquatangtv.com\/","title":{"rendered":"Trang ch\u1ee7"},"content":{"rendered":"\n<p>Ch\u00e0o m\u1eebng \u0111\u1ebfn v\u1edbi trang web c\u1ee7a b\u1ea1n! \u0110\u00e2y l\u00e0 trang ch\u1ee7 c\u1ee7a b\u1ea1n, n\u01a1i m\u00e0 h\u1ea7u h\u1ebft ng\u01b0\u1eddi truy c\u1eadp s\u1ebd nh\u00ecn th\u1ea5y khi l\u1ea7n \u0111\u1ea7u h\u1ecd \u0111\u1ebfn trang web c\u1ee7a b\u1ea1n.<\/p>\n","protected":false},"excerpt":{"rendered":"<p>Ch\u00e0o m\u1eebng \u0111\u1ebfn v\u1edbi trang web c\u1ee7a b\u1ea1n! \u0110\u00e2y l\u00e0 trang ch\u1ee7 c\u1ee7a b\u1ea1n, n\u01a1i m\u00e0 h\u1ea7u h\u1ebft ng\u01b0\u1eddi truy c\u1eadp s\u1ebd nh\u00ecn th\u1ea5y khi l\u1ea7n \u0111\u1ea7u h\u1ecd \u0111\u1ebfn trang &hellip; <\/p>\n","protected":false},"author":1,"featured_media":0,"parent":0,"menu_order":0,"comment_status":"closed","ping_status":"closed","template":"","meta":{"footnotes":""},"class_list":["post-10","page","type-page","status-publish","hentry"],"_links":{"self":[{"href":"https:\/\/inquatangtv.com\/index.php\/wp-json\/wp\/v2\/pages\/10","targetHints":{"allow":["GET"]}}],"collection":[{"href":"https:\/\/inquatangtv.com\/index.php\/wp-json\/wp\/v2\/pages"}],"about":[{"href":"https:\/\/inquatangtv.com\/index.php\/wp-json\/wp\/v2\/types\/page"}],"author":[{"embeddable":true,"href":"https:\/\/inquatangtv.com\/index.php\/wp-json\/wp\/v2\/users\/1"}],"replies":[{"embeddable":true,"href":"https:\/\/inquatangtv.com\/index.php\/wp-json\/wp\/v2\/comments?post=10"}],"version-history":[{"count":1,"href":"https:\/\/inquatangtv.com\/index.php\/wp-json\/wp\/v2\/pages\/10\/revisions"}],"predecessor-version":[{"id":17,"href":"https:\/\/inquatangtv.com\/index.php\/wp-json\/wp\/v2\/pages\/10\/revisions\/17"}],"wp:attachment":[{"href":"https:\/\/inquatangtv.com\/index.php\/wp-json\/wp\/v2\/media?parent=10"}],"curies":[{"name":"wp","href":"https:\/\/api.w.org\/{rel}","templated":true}]}}